{"id":23,"date":"2021-04-10T15:28:35","date_gmt":"2021-04-10T13:28:35","guid":{"rendered":"https:\/\/sweetthalie.fr\/?page_id=23"},"modified":"2026-01-21T11:28:10","modified_gmt":"2026-01-21T10:28:10","slug":"f-a-q","status":"publish","type":"page","link":"https:\/\/sweetthalie.fr\/index.php\/f-a-q\/","title":{"rendered":"F.A.Q."},"content":{"rendered":"\t\t<div data-elementor-type=\"wp-page\" data-elementor-id=\"23\" class=\"elementor elementor-23\">\n\t\t\t\t\t\t\t\t\t<section class=\"elementor-section elementor-top-section elementor-element elementor-element-4640f1a4 elementor-section-height-min-height elementor-section-content-middle elementor-section-boxed elementor-section-height-default elementor-section-items-middle\" data-id=\"4640f1a4\" data-element_type=\"section\" data-settings=\"{&quot;background_background&quot;:&quot;classic&quot;}\">\n\t\t\t\t\t\t\t<div class=\"elementor-background-overlay\"><\/div>\n\t\t\t\t\t\t\t<div class=\"elementor-container elementor-column-gap-default\">\n\t\t\t\t\t<div class=\"elementor-column elementor-col-100 elementor-top-column elementor-element elementor-element-84ee5ef\" data-id=\"84ee5ef\" data-element_type=\"column\">\n\t\t\t<div class=\"elementor-widget-wrap elementor-element-populated\">\n\t\t\t\t\t\t\t\t<div class=\"elementor-element elementor-element-b9dc3d4 elementor-widget elementor-widget-heading\" data-id=\"b9dc3d4\" data-element_type=\"widget\" data-widget_type=\"heading.default\">\n\t\t\t\t<div class=\"elementor-widget-container\">\n\t\t\t<h2 class=\"elementor-heading-title elementor-size-xxl\">Foire aux questions<\/h2>\t\t<\/div>\n\t\t\t\t<\/div>\n\t\t\t\t\t<\/div>\n\t\t<\/div>\n\t\t\t\t\t\t\t<\/div>\n\t\t<\/section>\n\t\t\t\t<section class=\"elementor-section elementor-top-section elementor-element elementor-element-8a26efe elementor-section-boxed elementor-section-height-default elementor-section-height-default\" data-id=\"8a26efe\" data-element_type=\"section\" data-settings=\"{&quot;background_background&quot;:&quot;classic&quot;}\">\n\t\t\t\t\t\t<div class=\"elementor-container elementor-column-gap-default\">\n\t\t\t\t\t<div class=\"elementor-column elementor-col-100 elementor-top-column elementor-element elementor-element-4ae774f\" data-id=\"4ae774f\" data-element_type=\"column\">\n\t\t\t<div class=\"elementor-widget-wrap elementor-element-populated\">\n\t\t\t\t\t\t\t\t<div class=\"elementor-element elementor-element-f1198e4 elementor-widget elementor-widget-spacer\" data-id=\"f1198e4\" data-element_type=\"widget\" data-widget_type=\"spacer.default\">\n\t\t\t\t<div class=\"elementor-widget-container\">\n\t\t\t\t\t<div class=\"elementor-spacer\">\n\t\t\t<div class=\"elementor-spacer-inner\"><\/div>\n\t\t<\/div>\n\t\t\t\t<\/div>\n\t\t\t\t<\/div>\n\t\t\t\t\t<\/div>\n\t\t<\/div>\n\t\t\t\t\t\t\t<\/div>\n\t\t<\/section>\n\t\t\t\t<section class=\"elementor-section elementor-top-section elementor-element elementor-element-ae2660d elementor-section-boxed elementor-section-height-default elementor-section-height-default\" data-id=\"ae2660d\" data-element_type=\"section\" data-settings=\"{&quot;background_background&quot;:&quot;classic&quot;}\">\n\t\t\t\t\t\t<div class=\"elementor-container elementor-column-gap-default\">\n\t\t\t\t\t<div class=\"elementor-column elementor-col-100 elementor-top-column elementor-element elementor-element-7a17853\" data-id=\"7a17853\" data-element_type=\"column\" data-settings=\"{&quot;background_background&quot;:&quot;classic&quot;}\">\n\t\t\t<div class=\"elementor-widget-wrap elementor-element-populated\">\n\t\t\t\t\t\t\t\t<div class=\"elementor-element elementor-element-c41dfe2 elementor-widget elementor-widget-toggle\" data-id=\"c41dfe2\" data-element_type=\"widget\" data-widget_type=\"toggle.default\">\n\t\t\t\t<div class=\"elementor-widget-container\">\n\t\t\t\t\t<div class=\"elementor-toggle\">\n\t\t\t\t\t\t\t<div class=\"elementor-toggle-item\">\n\t\t\t\t\t<div id=\"elementor-tab-title-2051\" class=\"elementor-tab-title\" data-tab=\"1\" role=\"button\" aria-controls=\"elementor-tab-content-2051\" aria-expanded=\"false\">\n\t\t\t\t\t\t\t\t\t\t\t\t<span class=\"elementor-toggle-icon elementor-toggle-icon-left\" aria-hidden=\"true\">\n\t\t\t\t\t\t\t\t\t\t\t\t\t\t\t<span class=\"elementor-toggle-icon-closed\"><i class=\"fas fa-caret-right\"><\/i><\/span>\n\t\t\t\t\t\t\t\t<span class=\"elementor-toggle-icon-opened\"><i class=\"elementor-toggle-icon-opened fas fa-caret-up\"><\/i><\/span>\n\t\t\t\t\t\t\t\t\t\t\t\t\t<\/span>\n\t\t\t\t\t\t\t\t\t\t\t\t<a class=\"elementor-toggle-title\" tabindex=\"0\">Prise de commande et tarifs<\/a>\n\t\t\t\t\t<\/div>\n\n\t\t\t\t\t<div id=\"elementor-tab-content-2051\" class=\"elementor-tab-content elementor-clearfix\" data-tab=\"1\" role=\"region\" aria-labelledby=\"elementor-tab-title-2051\"><p>Le cake design est un long travail, qui repr\u00e9sente plusieurs heures (voir jours) par projet. Contactez-moi au plus t\u00f4t, pour vous assurer de la disponibilit\u00e9 de votre date. C\u2019est aussi un temps n\u00e9cessaire pour \u00e9changer et vous proposer une cr\u00e9ation qui correspondra \u00e0 vos attentes. Une fois le projet concr\u00e9tis\u00e9, je vous transmettrai un devis. Un acompte de 50% vous sera demand\u00e9 pour valider votre commande. Le d\u00e9lai de r\u00e9ponse \u00e0 votre prise de contact peut-\u00eatre de 24 \u00e0 72h.<\/p><p>Il n\u2019y a pas de prix fixe, chaque projet \u00e9tant unique, les tarifs sont \u00e0 partir de 9 euros la part, selon les d\u00e9corations et saveurs choisies.<\/p><\/div>\n\t\t\t\t<\/div>\n\t\t\t\t\t\t\t<div class=\"elementor-toggle-item\">\n\t\t\t\t\t<div id=\"elementor-tab-title-2052\" class=\"elementor-tab-title\" data-tab=\"2\" role=\"button\" aria-controls=\"elementor-tab-content-2052\" aria-expanded=\"false\">\n\t\t\t\t\t\t\t\t\t\t\t\t<span class=\"elementor-toggle-icon elementor-toggle-icon-left\" aria-hidden=\"true\">\n\t\t\t\t\t\t\t\t\t\t\t\t\t\t\t<span class=\"elementor-toggle-icon-closed\"><i class=\"fas fa-caret-right\"><\/i><\/span>\n\t\t\t\t\t\t\t\t<span class=\"elementor-toggle-icon-opened\"><i class=\"elementor-toggle-icon-opened fas fa-caret-up\"><\/i><\/span>\n\t\t\t\t\t\t\t\t\t\t\t\t\t<\/span>\n\t\t\t\t\t\t\t\t\t\t\t\t<a class=\"elementor-toggle-title\" tabindex=\"0\">R\u00e9cup\u00e9ration au laboratoire<\/a>\n\t\t\t\t\t<\/div>\n\n\t\t\t\t\t<div id=\"elementor-tab-content-2052\" class=\"elementor-tab-content elementor-clearfix\" data-tab=\"2\" role=\"region\" aria-labelledby=\"elementor-tab-title-2052\"><p>Les commandes peuvent-\u00eatre r\u00e9cup\u00e9r\u00e9es sur rendez-vous \u00e0 mon laboratoire \u00e0 Antibes. La boite de transport est fournie. Veillez \u00e0 poser le g\u00e2teau \u00e0 plat (id\u00e9alement dans le coffre ou au pied passager) et \u00e0 rouler prudemment. En effet, d\u00e8s lors que vous prenez possession de votre commande, Sweet Thalie ne pourra pas \u00eatre tenu pour responsable de la d\u00e9t\u00e9rioration des produits.<\/p><\/div>\n\t\t\t\t<\/div>\n\t\t\t\t\t\t\t<div class=\"elementor-toggle-item\">\n\t\t\t\t\t<div id=\"elementor-tab-title-2053\" class=\"elementor-tab-title\" data-tab=\"3\" role=\"button\" aria-controls=\"elementor-tab-content-2053\" aria-expanded=\"false\">\n\t\t\t\t\t\t\t\t\t\t\t\t<span class=\"elementor-toggle-icon elementor-toggle-icon-left\" aria-hidden=\"true\">\n\t\t\t\t\t\t\t\t\t\t\t\t\t\t\t<span class=\"elementor-toggle-icon-closed\"><i class=\"fas fa-caret-right\"><\/i><\/span>\n\t\t\t\t\t\t\t\t<span class=\"elementor-toggle-icon-opened\"><i class=\"elementor-toggle-icon-opened fas fa-caret-up\"><\/i><\/span>\n\t\t\t\t\t\t\t\t\t\t\t\t\t<\/span>\n\t\t\t\t\t\t\t\t\t\t\t\t<a class=\"elementor-toggle-title\" tabindex=\"0\">Livraison<\/a>\n\t\t\t\t\t<\/div>\n\n\t\t\t\t\t<div id=\"elementor-tab-content-2053\" class=\"elementor-tab-content elementor-clearfix\" data-tab=\"3\" role=\"region\" aria-labelledby=\"elementor-tab-title-2053\"><p>La livraison est possible sur toutes les Alpes Maritimes, le Var et Monaco, sur devis.<\/p><\/div>\n\t\t\t\t<\/div>\n\t\t\t\t\t\t\t<div class=\"elementor-toggle-item\">\n\t\t\t\t\t<div id=\"elementor-tab-title-2054\" class=\"elementor-tab-title\" data-tab=\"4\" role=\"button\" aria-controls=\"elementor-tab-content-2054\" aria-expanded=\"false\">\n\t\t\t\t\t\t\t\t\t\t\t\t<span class=\"elementor-toggle-icon elementor-toggle-icon-left\" aria-hidden=\"true\">\n\t\t\t\t\t\t\t\t\t\t\t\t\t\t\t<span class=\"elementor-toggle-icon-closed\"><i class=\"fas fa-caret-right\"><\/i><\/span>\n\t\t\t\t\t\t\t\t<span class=\"elementor-toggle-icon-opened\"><i class=\"elementor-toggle-icon-opened fas fa-caret-up\"><\/i><\/span>\n\t\t\t\t\t\t\t\t\t\t\t\t\t<\/span>\n\t\t\t\t\t\t\t\t\t\t\t\t<a class=\"elementor-toggle-title\" tabindex=\"0\">Conservation de vos g\u00e2teaux<\/a>\n\t\t\t\t\t<\/div>\n\n\t\t\t\t\t<div id=\"elementor-tab-content-2054\" class=\"elementor-tab-content elementor-clearfix\" data-tab=\"4\" role=\"region\" aria-labelledby=\"elementor-tab-title-2054\"><p>Tous les g\u00e2teaux sont \u00e0 conserver au r\u00e9frig\u00e9rateur et je vous donnerais les indications n\u00e9cessaires \u00e0 chaque type de g\u00e2teau et mignardises pour une d\u00e9gustation optimale.<\/p><\/div>\n\t\t\t\t<\/div>\n\t\t\t\t\t\t\t<div class=\"elementor-toggle-item\">\n\t\t\t\t\t<div id=\"elementor-tab-title-2055\" class=\"elementor-tab-title\" data-tab=\"5\" role=\"button\" aria-controls=\"elementor-tab-content-2055\" aria-expanded=\"false\">\n\t\t\t\t\t\t\t\t\t\t\t\t<span class=\"elementor-toggle-icon elementor-toggle-icon-left\" aria-hidden=\"true\">\n\t\t\t\t\t\t\t\t\t\t\t\t\t\t\t<span class=\"elementor-toggle-icon-closed\"><i class=\"fas fa-caret-right\"><\/i><\/span>\n\t\t\t\t\t\t\t\t<span class=\"elementor-toggle-icon-opened\"><i class=\"elementor-toggle-icon-opened fas fa-caret-up\"><\/i><\/span>\n\t\t\t\t\t\t\t\t\t\t\t\t\t<\/span>\n\t\t\t\t\t\t\t\t\t\t\t\t<a class=\"elementor-toggle-title\" tabindex=\"0\">Intol\u00e9rances et r\u00e9gimes alimentaires<\/a>\n\t\t\t\t\t<\/div>\n\n\t\t\t\t\t<div id=\"elementor-tab-content-2055\" class=\"elementor-tab-content elementor-clearfix\" data-tab=\"5\" role=\"region\" aria-labelledby=\"elementor-tab-title-2055\"><p>Toutes les p\u00e2tisseries sont r\u00e9alis\u00e9es sans g\u00e9latine animale et les recettes peuvent \u00eatre adapt\u00e9es selon les intol\u00e9rances et choix alimentaires.<\/p><p>Contactez moi pour toutes demandes.<\/p><\/div>\n\t\t\t\t<\/div>\n\t\t\t\t\t\t\t\t<\/div>\n\t\t\t\t<\/div>\n\t\t\t\t<\/div>\n\t\t\t\t\t<\/div>\n\t\t<\/div>\n\t\t\t\t\t\t\t<\/div>\n\t\t<\/section>\n\t\t\t\t<section class=\"elementor-section elementor-top-section elementor-element elementor-element-4501848 elementor-section-boxed elementor-section-height-default elementor-section-height-default\" data-id=\"4501848\" data-element_type=\"section\" data-settings=\"{&quot;background_background&quot;:&quot;classic&quot;}\">\n\t\t\t\t\t\t<div class=\"elementor-container elementor-column-gap-default\">\n\t\t\t\t\t<div class=\"elementor-column elementor-col-100 elementor-top-column elementor-element elementor-element-7499c91\" data-id=\"7499c91\" data-element_type=\"column\">\n\t\t\t<div class=\"elementor-widget-wrap elementor-element-populated\">\n\t\t\t\t\t\t\t\t<div class=\"elementor-element elementor-element-03e583d elementor-widget elementor-widget-spacer\" data-id=\"03e583d\" data-element_type=\"widget\" data-widget_type=\"spacer.default\">\n\t\t\t\t<div class=\"elementor-widget-container\">\n\t\t\t\t\t<div class=\"elementor-spacer\">\n\t\t\t<div class=\"elementor-spacer-inner\"><\/div>\n\t\t<\/div>\n\t\t\t\t<\/div>\n\t\t\t\t<\/div>\n\t\t\t\t\t<\/div>\n\t\t<\/div>\n\t\t\t\t\t\t\t<\/div>\n\t\t<\/section>\n\t\t\t\t<section class=\"elementor-section elementor-top-section elementor-element elementor-element-90bf0e8 elementor-section-content-middle elementor-section-boxed elementor-section-height-default elementor-section-height-default\" data-id=\"90bf0e8\" data-element_type=\"section\" data-settings=\"{&quot;background_background&quot;:&quot;classic&quot;}\">\n\t\t\t\t\t\t\t<div class=\"elementor-background-overlay\"><\/div>\n\t\t\t\t\t\t\t<div class=\"elementor-container elementor-column-gap-default\">\n\t\t\t\t\t<div class=\"elementor-column elementor-col-100 elementor-top-column elementor-element elementor-element-8d563e7\" data-id=\"8d563e7\" data-element_type=\"column\">\n\t\t\t<div class=\"elementor-widget-wrap elementor-element-populated\">\n\t\t\t\t\t\t\t\t<div class=\"elementor-element elementor-element-a34d12b elementor-widget elementor-widget-heading\" data-id=\"a34d12b\" data-element_type=\"widget\" data-widget_type=\"heading.default\">\n\t\t\t\t<div class=\"elementor-widget-container\">\n\t\t\t<h2 class=\"elementor-heading-title elementor-size-large\">Galerie<\/h2>\t\t<\/div>\n\t\t\t\t<\/div>\n\t\t\t\t<div class=\"elementor-element elementor-element-c8e527c elementor-widget elementor-widget-text-editor\" data-id=\"c8e527c\" data-element_type=\"widget\" data-widget_type=\"text-editor.default\">\n\t\t\t\t<div class=\"elementor-widget-container\">\n\t\t\t\t\t\t\t<p>D\u00e9couvrez davantage de mes r\u00e9alisations sucr\u00e9es en visitant mes pages <a href=\"https:\/\/www.instagram.com\/sweet_thalie\/\">Instagram<\/a> ou <a href=\"https:\/\/www.facebook.com\/SweetThalie\">Facebook<\/a> et inspirez-vous pour satisfaire votre prochaine envie gourmande.\u00a0<\/p>\t\t\t\t\t\t<\/div>\n\t\t\t\t<\/div>\n\t\t\t\t<div class=\"elementor-element elementor-element-19c8fee elementor-widget elementor-widget-spacer\" data-id=\"19c8fee\" data-element_type=\"widget\" data-widget_type=\"spacer.default\">\n\t\t\t\t<div class=\"elementor-widget-container\">\n\t\t\t\t\t<div class=\"elementor-spacer\">\n\t\t\t<div class=\"elementor-spacer-inner\"><\/div>\n\t\t<\/div>\n\t\t\t\t<\/div>\n\t\t\t\t<\/div>\n\t\t\t\t<div class=\"elementor-element elementor-element-f855e25 elementor-arrows-position-outside elementor-widget elementor-widget-image-carousel\" data-id=\"f855e25\" data-element_type=\"widget\" data-settings=\"{&quot;slides_to_show&quot;:&quot;3&quot;,&quot;slides_to_scroll&quot;:&quot;3&quot;,&quot;navigation&quot;:&quot;arrows&quot;,&quot;autoplay&quot;:&quot;no&quot;,&quot;speed&quot;:1000,&quot;infinite&quot;:&quot;yes&quot;,&quot;image_spacing_custom&quot;:{&quot;unit&quot;:&quot;px&quot;,&quot;size&quot;:20,&quot;sizes&quot;:[]},&quot;image_spacing_custom_tablet&quot;:{&quot;unit&quot;:&quot;px&quot;,&quot;size&quot;:&quot;&quot;,&quot;sizes&quot;:[]},&quot;image_spacing_custom_mobile&quot;:{&quot;unit&quot;:&quot;px&quot;,&quot;size&quot;:&quot;&quot;,&quot;sizes&quot;:[]}}\" data-widget_type=\"image-carousel.default\">\n\t\t\t\t<div class=\"elementor-widget-container\">\n\t\t\t\t\t<div class=\"elementor-image-carousel-wrapper swiper-container\" dir=\"ltr\">\n\t\t\t<div class=\"elementor-image-carousel swiper-wrapper\" aria-live=\"polite\">\n\t\t\t\t\t\t\t\t<div class=\"swiper-slide\" role=\"group\" aria-roledescription=\"slide\" aria-label=\"1 sur 5\"><figure class=\"swiper-slide-inner\"><img decoding=\"async\" class=\"swiper-slide-image\" src=\"https:\/\/sweetthalie.fr\/wp-content\/uploads\/elementor\/thumbs\/IMG_7950-3-scaled-qnmwmpnmy2asayktbq4ifs18ucez2otw1uwz6x12v8.jpg\" alt=\"IMG_7950\" \/><\/figure><\/div><div class=\"swiper-slide\" role=\"group\" aria-roledescription=\"slide\" aria-label=\"2 sur 5\"><figure class=\"swiper-slide-inner\"><img decoding=\"async\" class=\"swiper-slide-image\" src=\"https:\/\/sweetthalie.fr\/wp-content\/uploads\/elementor\/thumbs\/IMG_8506-2-scaled-qnmwmpnmy2asayktbq4ifs18ucez2otw1uwz6x12v8.jpg\" alt=\"IMG_8506\" \/><\/figure><\/div><div class=\"swiper-slide\" role=\"group\" aria-roledescription=\"slide\" aria-label=\"3 sur 5\"><figure class=\"swiper-slide-inner\"><img decoding=\"async\" class=\"swiper-slide-image\" src=\"https:\/\/sweetthalie.fr\/wp-content\/uploads\/elementor\/thumbs\/IMG_8606-1-qnmwn2tdlqssti1p6vtaeopp5qm42ga4ro1rwshkg4.jpg\" alt=\"IMG_8606\" \/><\/figure><\/div><div class=\"swiper-slide\" role=\"group\" aria-roledescription=\"slide\" aria-label=\"4 sur 5\"><figure class=\"swiper-slide-inner\"><img decoding=\"async\" class=\"swiper-slide-image\" src=\"https:\/\/sweetthalie.fr\/wp-content\/uploads\/elementor\/thumbs\/IMG_7940-2-scaled-qnmwmy46nkmd7g8iybs5k7we6t99zyrh30scieojb8.jpg\" alt=\"IMG_7940\" \/><\/figure><\/div><div class=\"swiper-slide\" role=\"group\" aria-roledescription=\"slide\" aria-label=\"5 sur 5\"><figure class=\"swiper-slide-inner\"><img decoding=\"async\" class=\"swiper-slide-image\" src=\"https:\/\/sweetthalie.fr\/wp-content\/uploads\/elementor\/thumbs\/IMG_7849-1-scaled-qnmwn7ikjwz8fjuvffuf95j04nyy4xssgbb7b6all0.jpg\" alt=\"IMG_7849\" \/><\/figure><\/div>\t\t\t<\/div>\n\t\t\t\t\t\t\t\t\t\t\t\t<div class=\"elementor-swiper-button elementor-swiper-button-prev\" role=\"button\" tabindex=\"0\">\n\t\t\t\t\t\t<i aria-hidden=\"true\" class=\"eicon-chevron-left\"><\/i>\t\t\t\t\t<\/div>\n\t\t\t\t\t<div class=\"elementor-swiper-button elementor-swiper-button-next\" role=\"button\" tabindex=\"0\">\n\t\t\t\t\t\t<i aria-hidden=\"true\" class=\"eicon-chevron-right\"><\/i>\t\t\t\t\t<\/div>\n\t\t\t\t\n\t\t\t\t\t\t\t\t\t<\/div>\n\t\t\t\t<\/div>\n\t\t\t\t<\/div>\n\t\t\t\t<div class=\"elementor-element elementor-element-f8e86c3 elementor-widget elementor-widget-spacer\" data-id=\"f8e86c3\" data-element_type=\"widget\" data-widget_type=\"spacer.default\">\n\t\t\t\t<div class=\"elementor-widget-container\">\n\t\t\t\t\t<div class=\"elementor-spacer\">\n\t\t\t<div class=\"elementor-spacer-inner\"><\/div>\n\t\t<\/div>\n\t\t\t\t<\/div>\n\t\t\t\t<\/div>\n\t\t\t\t\t<\/div>\n\t\t<\/div>\n\t\t\t\t\t\t\t<\/div>\n\t\t<\/section>\n\t\t\t\t\t\t\t<\/div>\n\t\t","protected":false},"excerpt":{"rendered":"<p>Foire aux questions Prise de commande et tarifs Le cake design est un long travail, qui repr\u00e9sente plusieurs heures (voir jours) par projet. Contactez-moi au plus t\u00f4t, pour vous assurer de la disponibilit\u00e9 de votre date. C\u2019est aussi un temps n\u00e9cessaire pour \u00e9changer et vous proposer une cr\u00e9ation qui correspondra [&hellip;]<\/p>\n","protected":false},"author":1,"featured_media":0,"parent":0,"menu_order":0,"comment_status":"closed","ping_status":"closed","template":"page-templates\/template-pagebuilder-full-width.php","meta":{"footnotes":""},"class_list":["post-23","page","type-page","status-publish","hentry"],"yoast_head":"<!-- This site is optimized with the Yoast SEO plugin v22.7 - https:\/\/yoast.com\/wordpress\/plugins\/seo\/ -->\n<title>F.A.Q. - Sweet Thalie<\/title>\n<meta name=\"robots\" content=\"index, follow, max-snippet:-1, max-image-preview:large, max-video-preview:-1\" \/>\n<link rel=\"canonical\" href=\"https:\/\/sweetthalie.fr\/index.php\/f-a-q\/\" \/>\n<meta property=\"og:locale\" content=\"fr_FR\" \/>\n<meta property=\"og:type\" content=\"article\" \/>\n<meta property=\"og:title\" content=\"F.A.Q. - Sweet Thalie\" \/>\n<meta property=\"og:description\" content=\"Foire aux questions Prise de commande et tarifs Le cake design est un long travail, qui repr\u00e9sente plusieurs heures (voir jours) par projet. Contactez-moi au plus t\u00f4t, pour vous assurer de la disponibilit\u00e9 de votre date. C\u2019est aussi un temps n\u00e9cessaire pour \u00e9changer et vous proposer une cr\u00e9ation qui correspondra [&hellip;]\" \/>\n<meta property=\"og:url\" content=\"https:\/\/sweetthalie.fr\/index.php\/f-a-q\/\" \/>\n<meta property=\"og:site_name\" content=\"Sweet Thalie\" \/>\n<meta property=\"article:publisher\" content=\"https:\/\/www.facebook.com\/Sweet-Thalie-108310678064834\/\" \/>\n<meta property=\"article:modified_time\" content=\"2026-01-21T10:28:10+00:00\" \/>\n<meta property=\"og:image\" content=\"https:\/\/sweetthalie.fr\/wp-content\/uploads\/elementor\/thumbs\/IMG_7950-3-scaled-qnmwmpnmy2asayktbq4ifs18ucez2otw1uwz6x12v8.jpg\" \/>\n<meta name=\"twitter:card\" content=\"summary_large_image\" \/>\n<meta name=\"twitter:label1\" content=\"Dur\u00e9e de lecture estim\u00e9e\" \/>\n\t<meta name=\"twitter:data1\" content=\"4 minutes\" \/>\n<script type=\"application\/ld+json\" class=\"yoast-schema-graph\">{\"@context\":\"https:\/\/schema.org\",\"@graph\":[{\"@type\":\"WebPage\",\"@id\":\"https:\/\/sweetthalie.fr\/index.php\/f-a-q\/\",\"url\":\"https:\/\/sweetthalie.fr\/index.php\/f-a-q\/\",\"name\":\"F.A.Q. - Sweet Thalie\",\"isPartOf\":{\"@id\":\"https:\/\/sweetthalie.fr\/#website\"},\"primaryImageOfPage\":{\"@id\":\"https:\/\/sweetthalie.fr\/index.php\/f-a-q\/#primaryimage\"},\"image\":{\"@id\":\"https:\/\/sweetthalie.fr\/index.php\/f-a-q\/#primaryimage\"},\"thumbnailUrl\":\"https:\/\/sweetthalie.fr\/wp-content\/uploads\/elementor\/thumbs\/IMG_7950-3-scaled-qnmwmpnmy2asayktbq4ifs18ucez2otw1uwz6x12v8.jpg\",\"datePublished\":\"2021-04-10T13:28:35+00:00\",\"dateModified\":\"2026-01-21T10:28:10+00:00\",\"breadcrumb\":{\"@id\":\"https:\/\/sweetthalie.fr\/index.php\/f-a-q\/#breadcrumb\"},\"inLanguage\":\"fr-FR\",\"potentialAction\":[{\"@type\":\"ReadAction\",\"target\":[\"https:\/\/sweetthalie.fr\/index.php\/f-a-q\/\"]}]},{\"@type\":\"ImageObject\",\"inLanguage\":\"fr-FR\",\"@id\":\"https:\/\/sweetthalie.fr\/index.php\/f-a-q\/#primaryimage\",\"url\":\"https:\/\/sweetthalie.fr\/wp-content\/uploads\/elementor\/thumbs\/IMG_7950-3-scaled-qnmwmpnmy2asayktbq4ifs18ucez2otw1uwz6x12v8.jpg\",\"contentUrl\":\"https:\/\/sweetthalie.fr\/wp-content\/uploads\/elementor\/thumbs\/IMG_7950-3-scaled-qnmwmpnmy2asayktbq4ifs18ucez2otw1uwz6x12v8.jpg\"},{\"@type\":\"BreadcrumbList\",\"@id\":\"https:\/\/sweetthalie.fr\/index.php\/f-a-q\/#breadcrumb\",\"itemListElement\":[{\"@type\":\"ListItem\",\"position\":1,\"name\":\"Accueil\",\"item\":\"https:\/\/sweetthalie.fr\/\"},{\"@type\":\"ListItem\",\"position\":2,\"name\":\"F.A.Q.\"}]},{\"@type\":\"WebSite\",\"@id\":\"https:\/\/sweetthalie.fr\/#website\",\"url\":\"https:\/\/sweetthalie.fr\/\",\"name\":\"Sweet Thalie\",\"description\":\"Sweet Thalie\",\"publisher\":{\"@id\":\"https:\/\/sweetthalie.fr\/#organization\"},\"potentialAction\":[{\"@type\":\"SearchAction\",\"target\":{\"@type\":\"EntryPoint\",\"urlTemplate\":\"https:\/\/sweetthalie.fr\/?s={search_term_string}\"},\"query-input\":\"required name=search_term_string\"}],\"inLanguage\":\"fr-FR\"},{\"@type\":\"Organization\",\"@id\":\"https:\/\/sweetthalie.fr\/#organization\",\"name\":\"Sweet Thalie\",\"url\":\"https:\/\/sweetthalie.fr\/\",\"logo\":{\"@type\":\"ImageObject\",\"inLanguage\":\"fr-FR\",\"@id\":\"https:\/\/sweetthalie.fr\/#\/schema\/logo\/image\/\",\"url\":\"https:\/\/sweetthalie.fr\/wp-content\/uploads\/2021\/08\/WEBSITE-GOLD.png\",\"contentUrl\":\"https:\/\/sweetthalie.fr\/wp-content\/uploads\/2021\/08\/WEBSITE-GOLD.png\",\"width\":1200,\"height\":630,\"caption\":\"Sweet Thalie\"},\"image\":{\"@id\":\"https:\/\/sweetthalie.fr\/#\/schema\/logo\/image\/\"},\"sameAs\":[\"https:\/\/www.facebook.com\/Sweet-Thalie-108310678064834\/\",\"https:\/\/www.instagram.com\/sweet_thalie\/\"]}]}<\/script>\n<!-- \/ Yoast SEO plugin. -->","yoast_head_json":{"title":"F.A.Q. - Sweet Thalie","robots":{"index":"index","follow":"follow","max-snippet":"max-snippet:-1","max-image-preview":"max-image-preview:large","max-video-preview":"max-video-preview:-1"},"canonical":"https:\/\/sweetthalie.fr\/index.php\/f-a-q\/","og_locale":"fr_FR","og_type":"article","og_title":"F.A.Q. - Sweet Thalie","og_description":"Foire aux questions Prise de commande et tarifs Le cake design est un long travail, qui repr\u00e9sente plusieurs heures (voir jours) par projet. Contactez-moi au plus t\u00f4t, pour vous assurer de la disponibilit\u00e9 de votre date. C\u2019est aussi un temps n\u00e9cessaire pour \u00e9changer et vous proposer une cr\u00e9ation qui correspondra [&hellip;]","og_url":"https:\/\/sweetthalie.fr\/index.php\/f-a-q\/","og_site_name":"Sweet Thalie","article_publisher":"https:\/\/www.facebook.com\/Sweet-Thalie-108310678064834\/","article_modified_time":"2026-01-21T10:28:10+00:00","og_image":[{"url":"https:\/\/sweetthalie.fr\/wp-content\/uploads\/elementor\/thumbs\/IMG_7950-3-scaled-qnmwmpnmy2asayktbq4ifs18ucez2otw1uwz6x12v8.jpg"}],"twitter_card":"summary_large_image","twitter_misc":{"Dur\u00e9e de lecture estim\u00e9e":"4 minutes"},"schema":{"@context":"https:\/\/schema.org","@graph":[{"@type":"WebPage","@id":"https:\/\/sweetthalie.fr\/index.php\/f-a-q\/","url":"https:\/\/sweetthalie.fr\/index.php\/f-a-q\/","name":"F.A.Q. - Sweet Thalie","isPartOf":{"@id":"https:\/\/sweetthalie.fr\/#website"},"primaryImageOfPage":{"@id":"https:\/\/sweetthalie.fr\/index.php\/f-a-q\/#primaryimage"},"image":{"@id":"https:\/\/sweetthalie.fr\/index.php\/f-a-q\/#primaryimage"},"thumbnailUrl":"https:\/\/sweetthalie.fr\/wp-content\/uploads\/elementor\/thumbs\/IMG_7950-3-scaled-qnmwmpnmy2asayktbq4ifs18ucez2otw1uwz6x12v8.jpg","datePublished":"2021-04-10T13:28:35+00:00","dateModified":"2026-01-21T10:28:10+00:00","breadcrumb":{"@id":"https:\/\/sweetthalie.fr\/index.php\/f-a-q\/#breadcrumb"},"inLanguage":"fr-FR","potentialAction":[{"@type":"ReadAction","target":["https:\/\/sweetthalie.fr\/index.php\/f-a-q\/"]}]},{"@type":"ImageObject","inLanguage":"fr-FR","@id":"https:\/\/sweetthalie.fr\/index.php\/f-a-q\/#primaryimage","url":"https:\/\/sweetthalie.fr\/wp-content\/uploads\/elementor\/thumbs\/IMG_7950-3-scaled-qnmwmpnmy2asayktbq4ifs18ucez2otw1uwz6x12v8.jpg","contentUrl":"https:\/\/sweetthalie.fr\/wp-content\/uploads\/elementor\/thumbs\/IMG_7950-3-scaled-qnmwmpnmy2asayktbq4ifs18ucez2otw1uwz6x12v8.jpg"},{"@type":"BreadcrumbList","@id":"https:\/\/sweetthalie.fr\/index.php\/f-a-q\/#breadcrumb","itemListElement":[{"@type":"ListItem","position":1,"name":"Accueil","item":"https:\/\/sweetthalie.fr\/"},{"@type":"ListItem","position":2,"name":"F.A.Q."}]},{"@type":"WebSite","@id":"https:\/\/sweetthalie.fr\/#website","url":"https:\/\/sweetthalie.fr\/","name":"Sweet Thalie","description":"Sweet Thalie","publisher":{"@id":"https:\/\/sweetthalie.fr\/#organization"},"potentialAction":[{"@type":"SearchAction","target":{"@type":"EntryPoint","urlTemplate":"https:\/\/sweetthalie.fr\/?s={search_term_string}"},"query-input":"required name=search_term_string"}],"inLanguage":"fr-FR"},{"@type":"Organization","@id":"https:\/\/sweetthalie.fr\/#organization","name":"Sweet Thalie","url":"https:\/\/sweetthalie.fr\/","logo":{"@type":"ImageObject","inLanguage":"fr-FR","@id":"https:\/\/sweetthalie.fr\/#\/schema\/logo\/image\/","url":"https:\/\/sweetthalie.fr\/wp-content\/uploads\/2021\/08\/WEBSITE-GOLD.png","contentUrl":"https:\/\/sweetthalie.fr\/wp-content\/uploads\/2021\/08\/WEBSITE-GOLD.png","width":1200,"height":630,"caption":"Sweet Thalie"},"image":{"@id":"https:\/\/sweetthalie.fr\/#\/schema\/logo\/image\/"},"sameAs":["https:\/\/www.facebook.com\/Sweet-Thalie-108310678064834\/","https:\/\/www.instagram.com\/sweet_thalie\/"]}]}},"_links":{"self":[{"href":"https:\/\/sweetthalie.fr\/index.php\/wp-json\/wp\/v2\/pages\/23","targetHints":{"allow":["GET"]}}],"collection":[{"href":"https:\/\/sweetthalie.fr\/index.php\/wp-json\/wp\/v2\/pages"}],"about":[{"href":"https:\/\/sweetthalie.fr\/index.php\/wp-json\/wp\/v2\/types\/page"}],"author":[{"embeddable":true,"href":"https:\/\/sweetthalie.fr\/index.php\/wp-json\/wp\/v2\/users\/1"}],"replies":[{"embeddable":true,"href":"https:\/\/sweetthalie.fr\/index.php\/wp-json\/wp\/v2\/comments?post=23"}],"version-history":[{"count":172,"href":"https:\/\/sweetthalie.fr\/index.php\/wp-json\/wp\/v2\/pages\/23\/revisions"}],"predecessor-version":[{"id":1344,"href":"https:\/\/sweetthalie.fr\/index.php\/wp-json\/wp\/v2\/pages\/23\/revisions\/1344"}],"wp:attachment":[{"href":"https:\/\/sweetthalie.fr\/index.php\/wp-json\/wp\/v2\/media?parent=23"}],"curies":[{"name":"wp","href":"https:\/\/api.w.org\/{rel}","templated":true}]}}